{"id":2632,"date":"2025-04-05T18:40:59","date_gmt":"2025-04-05T21:40:59","guid":{"rendered":"https:\/\/multiprint.com.br\/?page_id=2632"},"modified":"2025-09-26T17:22:39","modified_gmt":"2025-09-26T20:22:39","slug":"impressoras-e-insumos","status":"publish","type":"page","link":"https:\/\/multiprint.com.br\/es\/impressoras-e-insumos\/","title":{"rendered":"Impresoras y suministros"},"content":{"rendered":"\t\t<div data-elementor-type=\"wp-page\" data-elementor-id=\"2632\" class=\"elementor elementor-2632\" data-elementor-post-type=\"page\">\n\t\t\t\t<div class=\"elementor-element elementor-element-d73f566 e-con-full e-flex e-con e-parent\" data-id=\"d73f566\" data-element_type=\"container\">\n\t\t<div class=\"elementor-element elementor-element-cf1e6e5 e-flex e-con-boxed e-con e-child\" data-id=\"cf1e6e5\" data-element_type=\"container\" data-settings=\"{&quot;background_background&quot;:&quot;classic&quot;}\">\n\t\t\t\t\t<div class=\"e-con-inner\">\n\t\t<div class=\"elementor-element elementor-element-8336368 e-con-full e-flex e-con e-child\" data-id=\"8336368\" data-element_type=\"container\">\n\t\t<div class=\"elementor-element elementor-element-06ead89 e-con-full e-flex e-con e-child\" data-id=\"06ead89\" data-element_type=\"container\">\n\t\t\t\t<div class=\"elementor-element elementor-element-436a778 elementor-widget elementor-widget-heading\" data-id=\"436a778\" data-element_type=\"widget\" data-widget_type=\"heading.default\">\n\t\t\t\t<div class=\"elementor-widget-container\">\n\t\t\t\t\t<h2 class=\"elementor-heading-title elementor-size-default\">Solu\u00e7\u00e3o completa para voc\u00ea\n<\/h2>\t\t\t\t<\/div>\n\t\t\t\t<\/div>\n\t\t\t\t<div class=\"elementor-element elementor-element-53e70c2 elementor-widget elementor-widget-heading\" data-id=\"53e70c2\" data-element_type=\"widget\" data-widget_type=\"heading.default\">\n\t\t\t\t<div class=\"elementor-widget-container\">\n\t\t\t\t\t<p class=\"elementor-heading-title elementor-size-default\">Somos representantes das melhores marcas que possuem presen\u00e7a no mercado brasileiro e podemos oferecer a melhor op\u00e7\u00e3o para bureau de impress\u00e3o.\n<br><br>\nPara produ\u00e7\u00e3o de etiquetas com dados vari\u00e1veis e personalizados, ideal para pequenas e m\u00e9dias tiragens de etiquetas.\n<br><br>\nOferecemos produtos de excelente qualidade. Entre em contato e tiramos suas d\u00favidas sobre qual a melhor op\u00e7\u00e3o para o seu neg\u00f3cio.\n<br><br>\nVoc\u00ea pode, por exemplo, comprar os equipamentos, ribbon e etiquetas brancas ou ainda adquirir etiquetas pr\u00e9-impressas com a sua marca e apenas finalizar a impress\u00e3o com dados din\u00e2micos. Esta solu\u00e7\u00e3o \u00e9 bastante utilizada por farm\u00e1cias de manipula\u00e7\u00e3o, padarias, a\u00e7ougues e outros neg\u00f3cios que, desta forma, otimizam o seu processo e mant\u00eam o custo reduzido.\n<\/p>\t\t\t\t<\/div>\n\t\t\t\t<\/div>\n\t\t<div class=\"elementor-element elementor-element-1918b41 e-con-full e-flex e-con e-child\" data-id=\"1918b41\" data-element_type=\"container\">\n\t\t\t\t<div class=\"elementor-element elementor-element-67421c5 elementor-widget__width-auto elementor-widget elementor-widget-button\" data-id=\"67421c5\" data-element_type=\"widget\" data-widget_type=\"button.default\">\n\t\t\t\t<div class=\"elementor-widget-container\">\n\t\t\t\t\t\t\t\t\t<div class=\"elementor-button-wrapper\">\n\t\t\t\t\t<a class=\"elementor-button elementor-button-link elementor-size-sm\" href=\"\/contato\">\n\t\t\t\t\t\t<span class=\"elementor-button-content-wrapper\">\n\t\t\t\t\t\t<span class=\"elementor-button-icon\">\n\t\t\t\t<i aria-hidden=\"true\" class=\"icon icon-right-arrow\"><\/i>\t\t\t<\/span>\n\t\t\t\t\t\t\t\t\t<span class=\"elementor-button-text\">Saiba mais<\/span>\n\t\t\t\t\t<\/span>\n\t\t\t\t\t<\/a>\n\t\t\t\t<\/div>\n\t\t\t\t\t\t\t\t<\/div>\n\t\t\t\t<\/div>\n\t\t\t\t<\/div>\n\t\t\t\t<\/div>\n\t\t<div class=\"elementor-element elementor-element-e2114d3 e-con-full e-flex e-con e-child\" data-id=\"e2114d3\" data-element_type=\"container\">\n\t\t\t\t<div class=\"elementor-element elementor-element-5f2cddb ekit-equal-height-disable elementor-widget elementor-widget-elementskit-icon-box\" data-id=\"5f2cddb\" data-element_type=\"widget\" data-widget_type=\"elementskit-icon-box.default\">\n\t\t\t\t<div class=\"elementor-widget-container\">\n\t\t\t\t\t<div class=\"ekit-wid-con\" >        <!-- link opening -->\n                <a href=\"#\" class=\"ekit_global_links\">\n                <!-- end link opening -->\n\n        <div class=\"elementskit-infobox text-left text-left icon-lef-right-aligin elementor-animation- media  \">\n                            <div class=\"elementskit-box-header\">\n                <div class=\"elementskit-info-box-icon text-center\">\n                    <img decoding=\"async\" src=\"\" title=\"\" alt=\"\" class=\"\" \/>                <\/div>\n          <\/div>\n                <div class=\"box-body\">\n                            <h3 class=\"elementskit-info-box-title\">\n                    Argox                <\/h3>\n                        \t\t  \t<p>Subsidi\u00e1ria da Sato Japan, traz solu\u00e7\u00f5es de c\u00f3digos de barras de n\u00edvel m\u00e9dio e de entrada.\n<\/p>\n                                <\/div>\n        \n        \n                <\/div>\n                <\/a>\n        <\/div>\t\t\t\t<\/div>\n\t\t\t\t<\/div>\n\t\t\t\t<div class=\"elementor-element elementor-element-cd72c0e ekit-equal-height-disable elementor-widget elementor-widget-elementskit-icon-box\" data-id=\"cd72c0e\" data-element_type=\"widget\" data-widget_type=\"elementskit-icon-box.default\">\n\t\t\t\t<div class=\"elementor-widget-container\">\n\t\t\t\t\t<div class=\"ekit-wid-con\" >        <!-- link opening -->\n                <a href=\"#\" class=\"ekit_global_links\">\n                <!-- end link opening -->\n\n        <div class=\"elementskit-infobox text-left text-left icon-lef-right-aligin elementor-animation- media  \">\n                            <div class=\"elementskit-box-header\">\n                <div class=\"elementskit-info-box-icon text-center\">\n                    <img decoding=\"async\" src=\"\" title=\"\" alt=\"\" class=\"\" \/>                <\/div>\n          <\/div>\n                <div class=\"box-body\">\n                            <h3 class=\"elementskit-info-box-title\">\n                    Datamax                <\/h3>\n                        \t\t  \t<p>Fornece solu\u00e7\u00f5es port\u00e1teis e fixas de impress\u00e3o de c\u00f3digo de barras, recibos e outros.\n<\/p>\n                                <\/div>\n        \n        \n                <\/div>\n                <\/a>\n        <\/div>\t\t\t\t<\/div>\n\t\t\t\t<\/div>\n\t\t\t\t<div class=\"elementor-element elementor-element-eb5cdef ekit-equal-height-disable elementor-widget elementor-widget-elementskit-icon-box\" data-id=\"eb5cdef\" data-element_type=\"widget\" data-widget_type=\"elementskit-icon-box.default\">\n\t\t\t\t<div class=\"elementor-widget-container\">\n\t\t\t\t\t<div class=\"ekit-wid-con\" >        <!-- link opening -->\n                <a href=\"#\" class=\"ekit_global_links\">\n                <!-- end link opening -->\n\n        <div class=\"elementskit-infobox text-left text-left icon-lef-right-aligin elementor-animation- media  \">\n                            <div class=\"elementskit-box-header\">\n                <div class=\"elementskit-info-box-icon text-center\">\n                    <img decoding=\"async\" src=\"\" title=\"\" alt=\"\" class=\"\" \/>                <\/div>\n          <\/div>\n                <div class=\"box-body\">\n                            <h3 class=\"elementskit-info-box-title\">\n                    Alegro Flex                <\/h3>\n                        \t\t  \t<p>Esta impressora aceita as linguagens DPL ou ZPL e ribbon com entintamento interno e externo.\n<\/p>\n                                <\/div>\n        \n        \n                <\/div>\n                <\/a>\n        <\/div>\t\t\t\t<\/div>\n\t\t\t\t<\/div>\n\t\t\t\t<div class=\"elementor-element elementor-element-901b1d6 ekit-equal-height-disable elementor-widget elementor-widget-elementskit-icon-box\" data-id=\"901b1d6\" data-element_type=\"widget\" data-widget_type=\"elementskit-icon-box.default\">\n\t\t\t\t<div class=\"elementor-widget-container\">\n\t\t\t\t\t<div class=\"ekit-wid-con\" >        <!-- link opening -->\n                <a href=\"#\" class=\"ekit_global_links\">\n                <!-- end link opening -->\n\n        <div class=\"elementskit-infobox text-left text-left icon-lef-right-aligin elementor-animation- media  \">\n                            <div class=\"elementskit-box-header\">\n                <div class=\"elementskit-info-box-icon text-center\">\n                    <img decoding=\"async\" src=\"\" title=\"\" alt=\"\" class=\"\" \/>                <\/div>\n          <\/div>\n                <div class=\"box-body\">\n                            <h3 class=\"elementskit-info-box-title\">\n                    Zebra                <\/h3>\n                        \t\t  \t<p>Ideal para uma ampla gama de aplica\u00e7\u00f5es industriais de m\u00e9dio e alto volume em manufatura.\n<\/p>\n                                <\/div>\n        \n        \n                <\/div>\n                <\/a>\n        <\/div>\t\t\t\t<\/div>\n\t\t\t\t<\/div>\n\t\t\t\t<div class=\"elementor-element elementor-element-e70c813 ekit-equal-height-disable elementor-widget elementor-widget-elementskit-icon-box\" data-id=\"e70c813\" data-element_type=\"widget\" data-widget_type=\"elementskit-icon-box.default\">\n\t\t\t\t<div class=\"elementor-widget-container\">\n\t\t\t\t\t<div class=\"ekit-wid-con\" >        <!-- link opening -->\n                <a href=\"#\" class=\"ekit_global_links\">\n                <!-- end link opening -->\n\n        <div class=\"elementskit-infobox text-left text-left icon-lef-right-aligin elementor-animation- media  \">\n                            <div class=\"elementskit-box-header\">\n                <div class=\"elementskit-info-box-icon text-center\">\n                    <img decoding=\"async\" src=\"\" title=\"\" alt=\"\" class=\"\" \/>                <\/div>\n          <\/div>\n                <div class=\"box-body\">\n                            <h3 class=\"elementskit-info-box-title\">\n                    GDX                <\/h3>\n                        \t\t  \t<p>Leitores de C\u00f3digo de Barras e Rebobinadores Externos\n<\/p>\n                                <\/div>\n        \n        \n                <\/div>\n                <\/a>\n        <\/div>\t\t\t\t<\/div>\n\t\t\t\t<\/div>\n\t\t\t\t<\/div>\n\t\t\t\t<\/div>\n\t\t\t\t\t<\/div>\n\t\t\t\t<\/div>\n\t\t\t\t<\/div>\n\t\t<div class=\"elementor-element elementor-element-3aebc390 e-flex e-con-boxed e-con e-parent\" data-id=\"3aebc390\" data-element_type=\"container\" data-settings=\"{&quot;background_background&quot;:&quot;classic&quot;}\">\n\t\t\t\t\t<div class=\"e-con-inner\">\n\t\t\t\t<div class=\"elementor-element elementor-element-dbc9c42 elementor-arrows-position-inside elementor-pagination-position-outside elementor-widget elementor-widget-image-carousel\" data-id=\"dbc9c42\" data-element_type=\"widget\" data-settings=\"{&quot;slides_to_show&quot;:&quot;2&quot;,&quot;slides_to_scroll&quot;:&quot;1&quot;,&quot;navigation&quot;:&quot;both&quot;,&quot;autoplay&quot;:&quot;yes&quot;,&quot;pause_on_hover&quot;:&quot;yes&quot;,&quot;pause_on_interaction&quot;:&quot;yes&quot;,&quot;autoplay_speed&quot;:5000,&quot;infinite&quot;:&quot;yes&quot;,&quot;speed&quot;:500}\" data-widget_type=\"image-carousel.default\">\n\t\t\t\t<div class=\"elementor-widget-container\">\n\t\t\t\t\t\t\t<div class=\"elementor-image-carousel-wrapper swiper\" role=\"region\" aria-roledescription=\"carousel\" aria-label=\"Carrossel de imagens\" dir=\"ltr\">\n\t\t\t<div class=\"elementor-image-carousel swiper-wrapper\" aria-live=\"off\">\n\t\t\t\t\t\t\t\t<div class=\"swiper-slide\" role=\"group\" aria-roledescription=\"slide\" aria-label=\"1 de 3\"><figure class=\"swiper-slide-inner\"><img decoding=\"async\" class=\"swiper-slide-image lazyload\" data-src=\"https:\/\/multiprint.com.br\/wp-content\/uploads\/2025\/03\/avery-dennilson.png\" alt=\"avery-dennilson\" src=\"data:image\/svg+xml;base64,PHN2ZyB3aWR0aD0iMSIgaGVpZ2h0PSIxIiB4bWxucz0iaHR0cDovL3d3dy53My5vcmcvMjAwMC9zdmciPjwvc3ZnPg==\" style=\"--smush-placeholder-width: 289px; --smush-placeholder-aspect-ratio: 289\/94;\" \/><\/figure><\/div><div class=\"swiper-slide\" role=\"group\" aria-roledescription=\"slide\" aria-label=\"2 de 3\"><figure class=\"swiper-slide-inner\"><img decoding=\"async\" class=\"swiper-slide-image lazyload\" data-src=\"https:\/\/multiprint.com.br\/wp-content\/uploads\/2025\/03\/3m-logo-rgb-white.png\" alt=\"3m-logo-rgb-white\" src=\"data:image\/svg+xml;base64,PHN2ZyB3aWR0aD0iMSIgaGVpZ2h0PSIxIiB4bWxucz0iaHR0cDovL3d3dy53My5vcmcvMjAwMC9zdmciPjwvc3ZnPg==\" style=\"--smush-placeholder-width: 192px; --smush-placeholder-aspect-ratio: 192\/128;\" \/><\/figure><\/div><div class=\"swiper-slide\" role=\"group\" aria-roledescription=\"slide\" aria-label=\"3 de 3\"><figure class=\"swiper-slide-inner\"><img decoding=\"async\" class=\"swiper-slide-image lazyload\" data-src=\"https:\/\/multiprint.com.br\/wp-content\/uploads\/2025\/03\/cremer.png\" alt=\"cremer\" src=\"data:image\/svg+xml;base64,PHN2ZyB3aWR0aD0iMSIgaGVpZ2h0PSIxIiB4bWxucz0iaHR0cDovL3d3dy53My5vcmcvMjAwMC9zdmciPjwvc3ZnPg==\" style=\"--smush-placeholder-width: 445px; --smush-placeholder-aspect-ratio: 445\/272;\" \/><\/figure><\/div>\t\t\t<\/div>\n\t\t\t\t\t\t\t\t\t\t\t\t<div class=\"elementor-swiper-button elementor-swiper-button-prev\" role=\"button\" tabindex=\"0\">\n\t\t\t\t\t\t<svg aria-hidden=\"true\" class=\"e-font-icon-svg e-eicon-chevron-left\" viewBox=\"0 0 1000 1000\" xmlns=\"http:\/\/www.w3.org\/2000\/svg\"><path d=\"M646 125C629 125 613 133 604 142L308 442C296 454 292 471 292 487 292 504 296 521 308 533L604 854C617 867 629 875 646 875 663 875 679 871 692 858 704 846 713 829 713 812 713 796 708 779 692 767L438 487 692 225C700 217 708 204 708 187 708 171 704 154 692 142 675 129 663 125 646 125Z\"><\/path><\/svg>\t\t\t\t\t<\/div>\n\t\t\t\t\t<div class=\"elementor-swiper-button elementor-swiper-button-next\" role=\"button\" tabindex=\"0\">\n\t\t\t\t\t\t<svg aria-hidden=\"true\" class=\"e-font-icon-svg e-eicon-chevron-right\" viewBox=\"0 0 1000 1000\" xmlns=\"http:\/\/www.w3.org\/2000\/svg\"><path d=\"M696 533C708 521 713 504 713 487 713 471 708 454 696 446L400 146C388 133 375 125 354 125 338 125 325 129 313 142 300 154 292 171 292 187 292 204 296 221 308 233L563 492 304 771C292 783 288 800 288 817 288 833 296 850 308 863 321 871 338 875 354 875 371 875 388 867 400 854L696 533Z\"><\/path><\/svg>\t\t\t\t\t<\/div>\n\t\t\t\t\n\t\t\t\t\t\t\t\t\t<div class=\"swiper-pagination\"><\/div>\n\t\t\t\t\t\t\t\t\t<\/div>\n\t\t\t\t\t\t<\/div>\n\t\t\t\t<\/div>\n\t\t\t\t\t<\/div>\n\t\t\t\t<\/div>\n\t\t<div class=\"elementor-element elementor-element-4d58c523 e-flex e-con-boxed e-con e-parent\" data-id=\"4d58c523\" data-element_type=\"container\">\n\t\t\t\t\t<div class=\"e-con-inner\">\n\t\t<div class=\"elementor-element elementor-element-3e21b5d7 e-con-full e-flex e-con e-child\" data-id=\"3e21b5d7\" data-element_type=\"container\">\n\t\t\t\t<div class=\"elementor-element elementor-element-7b03ef97 elementor-widget elementor-widget-heading\" data-id=\"7b03ef97\" data-element_type=\"widget\" data-widget_type=\"heading.default\">\n\t\t\t\t<div class=\"elementor-widget-container\">\n\t\t\t\t\t<h2 class=\"elementor-heading-title elementor-size-default\">Certificaciones internacionales<\/h2>\t\t\t\t<\/div>\n\t\t\t\t<\/div>\n\t\t\t\t<div class=\"elementor-element elementor-element-5a3cf435 elementor-widget elementor-widget-n-accordion\" data-id=\"5a3cf435\" data-element_type=\"widget\" data-settings=\"{&quot;default_state&quot;:&quot;all_collapsed&quot;,&quot;max_items_expended&quot;:&quot;one&quot;,&quot;n_accordion_animation_duration&quot;:{&quot;unit&quot;:&quot;ms&quot;,&quot;size&quot;:400,&quot;sizes&quot;:[]}}\" data-widget_type=\"nested-accordion.default\">\n\t\t\t\t<div class=\"elementor-widget-container\">\n\t\t\t\t\t\t\t<div class=\"e-n-accordion\" aria-label=\"Accordion. Open links with Enter or Space, close with Escape, and navigate with Arrow Keys\">\n\t\t\t\t\t\t<details id=\"e-n-accordion-item-1510\" class=\"e-n-accordion-item\" >\n\t\t\t\t<summary class=\"e-n-accordion-item-title\" data-accordion-index=\"1\" tabindex=\"0\" aria-expanded=\"false\" aria-controls=\"e-n-accordion-item-1510\" >\n\t\t\t\t\t<span class='e-n-accordion-item-title-header'><div class=\"e-n-accordion-item-title-text\"> RoHS <\/div><\/span>\n\t\t\t\t\t\t\t<span class='e-n-accordion-item-title-icon'>\n\t\t\t<span class='e-opened' ><svg aria-hidden=\"true\" class=\"e-font-icon-svg e-fas-minus\" viewBox=\"0 0 448 512\" xmlns=\"http:\/\/www.w3.org\/2000\/svg\"><path d=\"M416 208H32c-17.67 0-32 14.33-32 32v32c0 17.67 14.33 32 32 32h384c17.67 0 32-14.33 32-32v-32c0-17.67-14.33-32-32-32z\"><\/path><\/svg><\/span>\n\t\t\t<span class='e-closed'><svg aria-hidden=\"true\" class=\"e-font-icon-svg e-fas-plus\" viewBox=\"0 0 448 512\" xmlns=\"http:\/\/www.w3.org\/2000\/svg\"><path d=\"M416 208H272V64c0-17.67-14.33-32-32-32h-32c-17.67 0-32 14.33-32 32v144H32c-17.67 0-32 14.33-32 32v32c0 17.67 14.33 32 32 32h144v144c0 17.67 14.33 32 32 32h32c17.67 0 32-14.33 32-32V304h144c17.67 0 32-14.33 32-32v-32c0-17.67-14.33-32-32-32z\"><\/path><\/svg><\/span>\n\t\t<\/span>\n\n\t\t\t\t\t\t<\/summary>\n\t\t\t\t<div role=\"region\" aria-labelledby=\"e-n-accordion-item-1510\" class=\"elementor-element elementor-element-5cc76701 e-con-full e-flex e-con e-child\" data-id=\"5cc76701\" data-element_type=\"container\">\n\t\t<div role=\"region\" aria-labelledby=\"e-n-accordion-item-1510\" class=\"elementor-element elementor-element-1d86f58f e-flex e-con-boxed e-con e-child\" data-id=\"1d86f58f\" data-element_type=\"container\">\n\t\t\t\t\t<div class=\"e-con-inner\">\n\t\t\t\t<div class=\"elementor-element elementor-element-7562ae42 elementor-widget elementor-widget-image\" data-id=\"7562ae42\" data-element_type=\"widget\" data-widget_type=\"image.default\">\n\t\t\t\t<div class=\"elementor-widget-container\">\n\t\t\t\t\t\t\t\t\t\t\t\t\t\t\t<img fetchpriority=\"high\" decoding=\"async\" width=\"800\" height=\"214\" src=\"https:\/\/multiprint.com.br\/wp-content\/uploads\/2025\/03\/rohs-white-1.png\" class=\"attachment-large size-large wp-image-875\" alt=\"\" srcset=\"https:\/\/multiprint.com.br\/wp-content\/uploads\/2025\/03\/rohs-white-1.png 980w, https:\/\/multiprint.com.br\/wp-content\/uploads\/2025\/03\/rohs-white-1-300x80.png 300w, https:\/\/multiprint.com.br\/wp-content\/uploads\/2025\/03\/rohs-white-1-768x205.png 768w\" sizes=\"(max-width: 800px) 100vw, 800px\" \/>\t\t\t\t\t\t\t\t\t\t\t\t\t\t\t<\/div>\n\t\t\t\t<\/div>\n\t\t\t\t<div class=\"elementor-element elementor-element-60bc748a elementor-widget elementor-widget-text-editor\" data-id=\"60bc748a\" data-element_type=\"widget\" data-widget_type=\"text-editor.default\">\n\t\t\t\t<div class=\"elementor-widget-container\">\n\t\t\t\t\t\t\t\t\t<p>RoHS (Restriction of Certain Hazardous Substances) es una directiva adoptada en febrero de 2003 por la Uni\u00f3n Europea que proh\u00edbe el uso de ciertas sustancias peligrosas en los procesos de fabricaci\u00f3n de productos: cadmio (Cd), mercurio (Hg), cromo hexavalente (Cr(VI)), bifenilos polibromados (PBB), \u00e9teres de difenilo polibromados (PBDE) y plomo (Pb).<\/p>\t\t\t\t\t\t\t\t<\/div>\n\t\t\t\t<\/div>\n\t\t\t\t\t<\/div>\n\t\t\t\t<\/div>\n\t\t\t\t<\/div>\n\t\t\t\t\t<\/details>\n\t\t\t\t\t\t<details id=\"e-n-accordion-item-1511\" class=\"e-n-accordion-item\" >\n\t\t\t\t<summary class=\"e-n-accordion-item-title\" data-accordion-index=\"2\" tabindex=\"-1\" aria-expanded=\"false\" aria-controls=\"e-n-accordion-item-1511\" >\n\t\t\t\t\t<span class='e-n-accordion-item-title-header'><div class=\"e-n-accordion-item-title-text\"> Underwriters laboratories <\/div><\/span>\n\t\t\t\t\t\t\t<span class='e-n-accordion-item-title-icon'>\n\t\t\t<span class='e-opened' ><svg aria-hidden=\"true\" class=\"e-font-icon-svg e-fas-minus\" viewBox=\"0 0 448 512\" xmlns=\"http:\/\/www.w3.org\/2000\/svg\"><path d=\"M416 208H32c-17.67 0-32 14.33-32 32v32c0 17.67 14.33 32 32 32h384c17.67 0 32-14.33 32-32v-32c0-17.67-14.33-32-32-32z\"><\/path><\/svg><\/span>\n\t\t\t<span class='e-closed'><svg aria-hidden=\"true\" class=\"e-font-icon-svg e-fas-plus\" viewBox=\"0 0 448 512\" xmlns=\"http:\/\/www.w3.org\/2000\/svg\"><path d=\"M416 208H272V64c0-17.67-14.33-32-32-32h-32c-17.67 0-32 14.33-32 32v144H32c-17.67 0-32 14.33-32 32v32c0 17.67 14.33 32 32 32h144v144c0 17.67 14.33 32 32 32h32c17.67 0 32-14.33 32-32V304h144c17.67 0 32-14.33 32-32v-32c0-17.67-14.33-32-32-32z\"><\/path><\/svg><\/span>\n\t\t<\/span>\n\n\t\t\t\t\t\t<\/summary>\n\t\t\t\t<div role=\"region\" aria-labelledby=\"e-n-accordion-item-1511\" class=\"elementor-element elementor-element-5da115c e-con-full e-flex e-con e-child\" data-id=\"5da115c\" data-element_type=\"container\">\n\t\t<div role=\"region\" aria-labelledby=\"e-n-accordion-item-1511\" class=\"elementor-element elementor-element-35a4254b e-flex e-con-boxed e-con e-child\" data-id=\"35a4254b\" data-element_type=\"container\">\n\t\t\t\t\t<div class=\"e-con-inner\">\n\t\t\t\t<div class=\"elementor-element elementor-element-42ec8201 elementor-widget elementor-widget-image\" data-id=\"42ec8201\" data-element_type=\"widget\" data-widget_type=\"image.default\">\n\t\t\t\t<div class=\"elementor-widget-container\">\n\t\t\t\t\t\t\t\t\t\t\t\t\t\t\t<img decoding=\"async\" width=\"800\" height=\"800\" data-src=\"https:\/\/multiprint.com.br\/wp-content\/uploads\/2025\/03\/ul.svg\" class=\"attachment-large size-large wp-image-873 lazyload\" alt=\"\" data-srcset=\"https:\/\/multiprint.com.br\/wp-content\/uploads\/\/2025\/03\/ul.svg 150w, https:\/\/multiprint.com.br\/wp-content\/uploads\/\/2025\/03\/ul.svg 300w, https:\/\/multiprint.com.br\/wp-content\/uploads\/\/2025\/03\/ul.svg 1024w, https:\/\/multiprint.com.br\/wp-content\/uploads\/\/2025\/03\/ul.svg 120w\" data-sizes=\"(max-width: 800px) 100vw, 800px\" src=\"data:image\/svg+xml;base64,PHN2ZyB3aWR0aD0iMSIgaGVpZ2h0PSIxIiB4bWxucz0iaHR0cDovL3d3dy53My5vcmcvMjAwMC9zdmciPjwvc3ZnPg==\" style=\"--smush-placeholder-width: 800px; --smush-placeholder-aspect-ratio: 800\/800;\" \/>\t\t\t\t\t\t\t\t\t\t\t\t\t\t\t<\/div>\n\t\t\t\t<\/div>\n\t\t\t\t<div class=\"elementor-element elementor-element-2fbcabc8 elementor-widget elementor-widget-text-editor\" data-id=\"2fbcabc8\" data-element_type=\"widget\" data-widget_type=\"text-editor.default\">\n\t\t\t\t<div class=\"elementor-widget-container\">\n\t\t\t\t\t\t\t\t\t<p>RoHS (Restriction of Certain Hazardous Substances) es una directiva adoptada en febrero de 2003 por la Uni\u00f3n Europea que proh\u00edbe el uso de ciertas sustancias peligrosas en los procesos de fabricaci\u00f3n de productos: cadmio (Cd), mercurio (Hg), cromo hexavalente (Cr(VI)), bifenilos polibromados (PBB), \u00e9teres de difenilo polibromados (PBDE) y plomo (Pb).<\/p>\t\t\t\t\t\t\t\t<\/div>\n\t\t\t\t<\/div>\n\t\t\t\t\t<\/div>\n\t\t\t\t<\/div>\n\t\t\t\t<\/div>\n\t\t\t\t\t<\/details>\n\t\t\t\t\t<\/div>\n\t\t\t\t\t\t<\/div>\n\t\t\t\t<\/div>\n\t\t\t\t<\/div>\n\t\t<div class=\"elementor-element elementor-element-5cd4578c e-con-full e-flex e-con e-child\" data-id=\"5cd4578c\" data-element_type=\"container\">\n\t\t\t\t<div class=\"elementor-element elementor-element-485145b0 elementor-widget elementor-widget-image\" data-id=\"485145b0\" data-element_type=\"widget\" data-widget_type=\"image.default\">\n\t\t\t\t<div class=\"elementor-widget-container\">\n\t\t\t\t\t\t\t\t\t\t\t\t\t\t\t<img decoding=\"async\" width=\"800\" height=\"319\" data-src=\"https:\/\/multiprint.com.br\/wp-content\/uploads\/2025\/05\/IMG_3336-1-1024x408.jpg\" class=\"attachment-large size-large wp-image-1629 lazyload\" alt=\"\" data-srcset=\"https:\/\/multiprint.com.br\/wp-content\/uploads\/2025\/05\/IMG_3336-1-1024x408.jpg 1024w, https:\/\/multiprint.com.br\/wp-content\/uploads\/2025\/05\/IMG_3336-1-300x120.jpg 300w, https:\/\/multiprint.com.br\/wp-content\/uploads\/2025\/05\/IMG_3336-1-768x306.jpg 768w, https:\/\/multiprint.com.br\/wp-content\/uploads\/2025\/05\/IMG_3336-1-1536x612.jpg 1536w, https:\/\/multiprint.com.br\/wp-content\/uploads\/2025\/05\/IMG_3336-1-2048x816.jpg 2048w\" data-sizes=\"(max-width: 800px) 100vw, 800px\" src=\"data:image\/svg+xml;base64,PHN2ZyB3aWR0aD0iMSIgaGVpZ2h0PSIxIiB4bWxucz0iaHR0cDovL3d3dy53My5vcmcvMjAwMC9zdmciPjwvc3ZnPg==\" style=\"--smush-placeholder-width: 800px; --smush-placeholder-aspect-ratio: 800\/319;\" \/>\t\t\t\t\t\t\t\t\t\t\t\t\t\t\t<\/div>\n\t\t\t\t<\/div>\n\t\t\t\t<\/div>\n\t\t\t\t\t<\/div>\n\t\t\t\t<\/div>\n\t\t\t\t<\/div>\n\t\t","protected":false},"excerpt":{"rendered":"<p>Solu\u00e7\u00e3o completa para voc\u00ea Somos representantes das melhores marcas que possuem presen\u00e7a no mercado brasileiro e podemos oferecer a melhor op\u00e7\u00e3o para bureau de impress\u00e3o. Para produ\u00e7\u00e3o de etiquetas com dados vari\u00e1veis e personalizados, ideal para pequenas e m\u00e9dias tiragens de etiquetas. Oferecemos produtos de excelente qualidade. Entre em contato e tiramos suas d\u00favidas sobre [&hellip;]<\/p>\n","protected":false},"author":2,"featured_media":0,"parent":0,"menu_order":0,"comment_status":"closed","ping_status":"closed","template":"elementor_header_footer","meta":{"footnotes":""},"class_list":["post-2632","page","type-page","status-publish","hentry"],"_links":{"self":[{"href":"https:\/\/multiprint.com.br\/es\/wp-json\/wp\/v2\/pages\/2632","targetHints":{"allow":["GET"]}}],"collection":[{"href":"https:\/\/multiprint.com.br\/es\/wp-json\/wp\/v2\/pages"}],"about":[{"href":"https:\/\/multiprint.com.br\/es\/wp-json\/wp\/v2\/types\/page"}],"author":[{"embeddable":true,"href":"https:\/\/multiprint.com.br\/es\/wp-json\/wp\/v2\/users\/2"}],"replies":[{"embeddable":true,"href":"https:\/\/multiprint.com.br\/es\/wp-json\/wp\/v2\/comments?post=2632"}],"version-history":[{"count":8,"href":"https:\/\/multiprint.com.br\/es\/wp-json\/wp\/v2\/pages\/2632\/revisions"}],"predecessor-version":[{"id":2758,"href":"https:\/\/multiprint.com.br\/es\/wp-json\/wp\/v2\/pages\/2632\/revisions\/2758"}],"wp:attachment":[{"href":"https:\/\/multiprint.com.br\/es\/wp-json\/wp\/v2\/media?parent=2632"}],"curies":[{"name":"wp","href":"https:\/\/api.w.org\/{rel}","templated":true}]}}