{"id":2700,"date":"2025-04-05T20:56:18","date_gmt":"2025-04-05T23:56:18","guid":{"rendered":"https:\/\/multiprint.com.br\/?page_id=2700"},"modified":"2025-09-26T15:43:31","modified_gmt":"2025-09-26T18:43:31","slug":"transfer-2","status":"publish","type":"page","link":"https:\/\/multiprint.com.br\/es\/transfer-2\/","title":{"rendered":"Transfer"},"content":{"rendered":"\t\t<div data-elementor-type=\"wp-page\" data-elementor-id=\"2700\" class=\"elementor elementor-2700\" data-elementor-post-type=\"page\">\n\t\t\t\t<div class=\"elementor-element elementor-element-8413055 e-flex e-con-boxed e-con e-parent\" data-id=\"8413055\" data-element_type=\"container\" data-settings=\"{&quot;background_background&quot;:&quot;classic&quot;}\">\n\t\t\t\t\t<div class=\"e-con-inner\">\n\t\t\t\t<div class=\"elementor-element elementor-element-09cdd41 elementor-widget-mobile__width-inherit elementor-widget elementor-widget-heading\" data-id=\"09cdd41\" data-element_type=\"widget\" data-widget_type=\"heading.default\">\n\t\t\t\t<div class=\"elementor-widget-container\">\n\t\t\t\t\t<h2 class=\"elementor-heading-title elementor-size-default\">Transferencia\/DTF\n<\/h2>\t\t\t\t<\/div>\n\t\t\t\t<\/div>\n\t\t\t\t<div class=\"elementor-element elementor-element-6c1d3fc elementor-widget-mobile__width-inherit elementor-widget elementor-widget-text-editor\" data-id=\"6c1d3fc\" data-element_type=\"widget\" data-widget_type=\"text-editor.default\">\n\t\t\t\t<div class=\"elementor-widget-container\">\n\t\t\t\t\t\t\t\t\t<p><span dir=\"auto\">Una soluci\u00f3n ideal para cada necesidad. Descubra algunas de las soluciones\u00a0<b>de transferencia<\/b><\/span><br \/><b><span dir=\"auto\">que MultiPrint ofrece a continuaci\u00f3n .<\/span><\/b><\/p>\t\t\t\t\t\t\t\t<\/div>\n\t\t\t\t<\/div>\n\t\t<div class=\"elementor-element elementor-element-10c92ee e-con-full e-flex e-con e-child\" data-id=\"10c92ee\" data-element_type=\"container\">\n\t\t<div class=\"elementor-element elementor-element-174a04d e-con-full e-flex e-con e-child\" data-id=\"174a04d\" data-element_type=\"container\">\n\t\t\t\t<div class=\"elementor-element elementor-element-b68d4b6 elementor-widget__width-auto elementor-mobile-align-center elementor-widget-mobile__width-inherit elementor-widget elementor-widget-button\" data-id=\"b68d4b6\" data-element_type=\"widget\" data-widget_type=\"button.default\">\n\t\t\t\t<div class=\"elementor-widget-container\">\n\t\t\t\t\t\t\t\t\t<div class=\"elementor-button-wrapper\">\n\t\t\t\t\t<a class=\"elementor-button elementor-button-link elementor-size-sm\" href=\"#info\">\n\t\t\t\t\t\t<span class=\"elementor-button-content-wrapper\">\n\t\t\t\t\t\t<span class=\"elementor-button-icon\">\n\t\t\t\t<i aria-hidden=\"true\" class=\"icon icon-right-arrow\"><\/i>\t\t\t<\/span>\n\t\t\t\t\t\t\t\t\t<span class=\"elementor-button-text\">M\u00e1s informaci\u00f3n<\/span>\n\t\t\t\t\t<\/span>\n\t\t\t\t\t<\/a>\n\t\t\t\t<\/div>\n\t\t\t\t\t\t\t\t<\/div>\n\t\t\t\t<\/div>\n\t\t\t\t<\/div>\n\t\t\t\t<\/div>\n\t\t\t\t\t<\/div>\n\t\t\t\t<\/div>\n\t\t<div class=\"elementor-element elementor-element-e0b1fe3 e-flex e-con-boxed e-con e-parent\" data-id=\"e0b1fe3\" data-element_type=\"container\" id=\"info\">\n\t\t\t\t\t<div class=\"e-con-inner\">\n\t\t<div class=\"elementor-element elementor-element-e3e6383 e-con-full e-flex e-con e-child\" data-id=\"e3e6383\" data-element_type=\"container\">\n\t\t\t\t<div class=\"elementor-element elementor-element-9ff22d1 elementor-widget elementor-widget-image\" data-id=\"9ff22d1\" data-element_type=\"widget\" data-widget_type=\"image.default\">\n\t\t\t\t<div class=\"elementor-widget-container\">\n\t\t\t\t\t\t\t\t\t\t\t\t\t\t\t<img fetchpriority=\"high\" decoding=\"async\" width=\"800\" height=\"800\" src=\"https:\/\/multiprint.com.br\/wp-content\/uploads\/2025\/04\/alvejante-9.jpg\" class=\"attachment-large size-large wp-image-1390\" alt=\"\" srcset=\"https:\/\/multiprint.com.br\/wp-content\/uploads\/2025\/04\/alvejante-9.jpg 1000w, https:\/\/multiprint.com.br\/wp-content\/uploads\/2025\/04\/alvejante-9-300x300.jpg 300w, https:\/\/multiprint.com.br\/wp-content\/uploads\/2025\/04\/alvejante-9-150x150.jpg 150w, https:\/\/multiprint.com.br\/wp-content\/uploads\/2025\/04\/alvejante-9-768x768.jpg 768w\" sizes=\"(max-width: 800px) 100vw, 800px\" \/>\t\t\t\t\t\t\t\t\t\t\t\t\t\t\t<\/div>\n\t\t\t\t<\/div>\n\t\t\t\t<\/div>\n\t\t<div class=\"elementor-element elementor-element-d1d13a6 e-con-full e-flex e-con e-child\" data-id=\"d1d13a6\" data-element_type=\"container\">\n\t\t\t\t<div class=\"elementor-element elementor-element-1c07845 elementor-widget elementor-widget-menu-anchor\" data-id=\"1c07845\" data-element_type=\"widget\" data-widget_type=\"menu-anchor.default\">\n\t\t\t\t<div class=\"elementor-widget-container\">\n\t\t\t\t\t\t\t<div class=\"elementor-menu-anchor\" id=\"void\"><\/div>\n\t\t\t\t\t\t<\/div>\n\t\t\t\t<\/div>\n\t\t\t\t<div class=\"elementor-element elementor-element-5b91bd2 elementor-widget elementor-widget-heading\" data-id=\"5b91bd2\" data-element_type=\"widget\" data-widget_type=\"heading.default\">\n\t\t\t\t<div class=\"elementor-widget-container\">\n\t\t\t\t\t<h2 class=\"elementor-heading-title elementor-size-default\">Transferencia\/DTF para camiseta\n<\/h2>\t\t\t\t<\/div>\n\t\t\t\t<\/div>\n\t\t\t\t<div class=\"elementor-element elementor-element-0aaeba9 elementor-widget elementor-widget-text-editor\" data-id=\"0aaeba9\" data-element_type=\"widget\" data-widget_type=\"text-editor.default\">\n\t\t\t\t<div class=\"elementor-widget-container\">\n\t\t\t\t\t\t\t\t\t<div id=\"text_block-7-112\" class=\"ct-text-block c-text-dark c-text-l\"><div class=\"elementor-element elementor-element-0aaeba9 elementor-widget elementor-widget-text-editor\" data-id=\"0aaeba9\" data-element_type=\"widget\" data-widget_type=\"text-editor.default\"><div class=\"elementor-widget-container\"><div id=\"text_block-7-112\" class=\"ct-text-block c-text-dark c-text-l\"><p><span dir=\"auto\">La camiseta se somete a una prensa t\u00e9rmica junto con la hoja de transferencia y, gracias a un calor de aproximadamente 200 grados Celsius, la imagen se transfiere a la tela. MultiPrint puede ayudarle con esta soluci\u00f3n. Cont\u00e1ctenos.<\/span><\/p><\/div><\/div><\/div><div class=\"elementor-element elementor-element-f694774 elementor-widget__width-auto elementor-mobile-align-center elementor-widget-mobile__width-inherit elementor-widget elementor-widget-button\" data-id=\"f694774\" data-element_type=\"widget\" data-widget_type=\"button.default\"><div class=\"elementor-widget-container\"><div class=\"elementor-button-wrapper\">\u00a0<\/div><\/div><\/div><\/div>\t\t\t\t\t\t\t\t<\/div>\n\t\t\t\t<\/div>\n\t\t\t\t<div class=\"elementor-element elementor-element-f694774 elementor-widget__width-auto elementor-mobile-align-center elementor-widget-mobile__width-inherit elementor-widget elementor-widget-button\" data-id=\"f694774\" data-element_type=\"widget\" data-widget_type=\"button.default\">\n\t\t\t\t<div class=\"elementor-widget-container\">\n\t\t\t\t\t\t\t\t\t<div class=\"elementor-button-wrapper\">\n\t\t\t\t\t<a class=\"elementor-button elementor-button-link elementor-size-sm\" href=\"\/contato\">\n\t\t\t\t\t\t<span class=\"elementor-button-content-wrapper\">\n\t\t\t\t\t\t<span class=\"elementor-button-icon\">\n\t\t\t\t<i aria-hidden=\"true\" class=\"icon icon-right-arrow\"><\/i>\t\t\t<\/span>\n\t\t\t\t\t\t\t\t\t<span class=\"elementor-button-text\">Ponte en contacto con nosotros<\/span>\n\t\t\t\t\t<\/span>\n\t\t\t\t\t<\/a>\n\t\t\t\t<\/div>\n\t\t\t\t\t\t\t\t<\/div>\n\t\t\t\t<\/div>\n\t\t\t\t<\/div>\n\t\t\t\t\t<\/div>\n\t\t\t\t<\/div>\n\t\t<div class=\"elementor-element elementor-element-0d0304b e-flex e-con-boxed e-con e-parent\" data-id=\"0d0304b\" data-element_type=\"container\">\n\t\t\t\t\t<div class=\"e-con-inner\">\n\t\t<div class=\"elementor-element elementor-element-bf263d8 e-con-full e-flex e-con e-child\" data-id=\"bf263d8\" data-element_type=\"container\">\n\t\t\t\t<div class=\"elementor-element elementor-element-f2bb9a8 elementor-widget elementor-widget-image\" data-id=\"f2bb9a8\" data-element_type=\"widget\" data-widget_type=\"image.default\">\n\t\t\t\t<div class=\"elementor-widget-container\">\n\t\t\t\t\t\t\t\t\t\t\t\t\t\t\t<img decoding=\"async\" width=\"800\" height=\"800\" data-src=\"https:\/\/multiprint.com.br\/wp-content\/uploads\/2025\/04\/alvejante-10.jpg\" class=\"attachment-large size-large wp-image-1391 lazyload\" alt=\"\" data-srcset=\"https:\/\/multiprint.com.br\/wp-content\/uploads\/2025\/04\/alvejante-10.jpg 1024w, https:\/\/multiprint.com.br\/wp-content\/uploads\/2025\/04\/alvejante-10-300x300.jpg 300w, https:\/\/multiprint.com.br\/wp-content\/uploads\/2025\/04\/alvejante-10-150x150.jpg 150w, https:\/\/multiprint.com.br\/wp-content\/uploads\/2025\/04\/alvejante-10-768x768.jpg 768w\" data-sizes=\"(max-width: 800px) 100vw, 800px\" src=\"data:image\/svg+xml;base64,PHN2ZyB3aWR0aD0iMSIgaGVpZ2h0PSIxIiB4bWxucz0iaHR0cDovL3d3dy53My5vcmcvMjAwMC9zdmciPjwvc3ZnPg==\" style=\"--smush-placeholder-width: 800px; --smush-placeholder-aspect-ratio: 800\/800;\" \/>\t\t\t\t\t\t\t\t\t\t\t\t\t\t\t<\/div>\n\t\t\t\t<\/div>\n\t\t\t\t<\/div>\n\t\t<div class=\"elementor-element elementor-element-6133945 e-con-full e-flex e-con e-child\" data-id=\"6133945\" data-element_type=\"container\">\n\t\t\t\t<div class=\"elementor-element elementor-element-a229303 elementor-widget elementor-widget-menu-anchor\" data-id=\"a229303\" data-element_type=\"widget\" data-widget_type=\"menu-anchor.default\">\n\t\t\t\t<div class=\"elementor-widget-container\">\n\t\t\t\t\t\t\t<div class=\"elementor-menu-anchor\" id=\"patrimonial\"><\/div>\n\t\t\t\t\t\t<\/div>\n\t\t\t\t<\/div>\n\t\t\t\t<div class=\"elementor-element elementor-element-74e86ea elementor-widget elementor-widget-heading\" data-id=\"74e86ea\" data-element_type=\"widget\" data-widget_type=\"heading.default\">\n\t\t\t\t<div class=\"elementor-widget-container\">\n\t\t\t\t\t<h2 class=\"elementor-heading-title elementor-size-default\">Transferencia\/DTF a Mascara\n<\/h2>\t\t\t\t<\/div>\n\t\t\t\t<\/div>\n\t\t\t\t<div class=\"elementor-element elementor-element-525e98c elementor-widget elementor-widget-text-editor\" data-id=\"525e98c\" data-element_type=\"widget\" data-widget_type=\"text-editor.default\">\n\t\t\t\t<div class=\"elementor-widget-container\">\n\t\t\t\t\t\t\t\t\t<div id=\"text_block-7-112\" class=\"ct-text-block c-text-dark c-text-l\"><div id=\"text_block-7-112\" class=\"ct-text-block c-text-dark c-text-l\"><p><span dir=\"auto\">La impresi\u00f3n por transferencia te permite personalizar tu marca para aplicarla a una variedad de telas. Con la tecnolog\u00eda UV, puedes transformar tus dise\u00f1os impresos en apliques con una calidad y definici\u00f3n incre\u00edbles.<\/span><\/p><\/div><div id=\"code_block-137-355\" class=\"ct-code-block c-margin-bottom-m\"><span dir=\"auto\">Se puede realizar con los siguientes materiales:<\/span><br \/><span dir=\"auto\">\u2013 Transfer-DTF<\/span><\/div><\/div>\t\t\t\t\t\t\t\t<\/div>\n\t\t\t\t<\/div>\n\t\t\t\t<div class=\"elementor-element elementor-element-2112fa0 elementor-widget__width-auto elementor-mobile-align-center elementor-widget-mobile__width-inherit elementor-widget elementor-widget-button\" data-id=\"2112fa0\" data-element_type=\"widget\" data-widget_type=\"button.default\">\n\t\t\t\t<div class=\"elementor-widget-container\">\n\t\t\t\t\t\t\t\t\t<div class=\"elementor-button-wrapper\">\n\t\t\t\t\t<a class=\"elementor-button elementor-button-link elementor-size-sm\" href=\"\/contato\">\n\t\t\t\t\t\t<span class=\"elementor-button-content-wrapper\">\n\t\t\t\t\t\t<span class=\"elementor-button-icon\">\n\t\t\t\t<i aria-hidden=\"true\" class=\"icon icon-right-arrow\"><\/i>\t\t\t<\/span>\n\t\t\t\t\t\t\t\t\t<span class=\"elementor-button-text\">Ponte en contacto con nosotros<\/span>\n\t\t\t\t\t<\/span>\n\t\t\t\t\t<\/a>\n\t\t\t\t<\/div>\n\t\t\t\t\t\t\t\t<\/div>\n\t\t\t\t<\/div>\n\t\t\t\t<\/div>\n\t\t\t\t\t<\/div>\n\t\t\t\t<\/div>\n\t\t<div class=\"elementor-element elementor-element-8555c95 e-flex e-con-boxed e-con e-parent\" data-id=\"8555c95\" data-element_type=\"container\">\n\t\t\t\t\t<div class=\"e-con-inner\">\n\t\t<div class=\"elementor-element elementor-element-5950433 e-con-full e-flex e-con e-child\" data-id=\"5950433\" data-element_type=\"container\">\n\t\t\t\t<div class=\"elementor-element elementor-element-3ba9744 elementor-widget elementor-widget-image\" data-id=\"3ba9744\" data-element_type=\"widget\" data-widget_type=\"image.default\">\n\t\t\t\t<div class=\"elementor-widget-container\">\n\t\t\t\t\t\t\t\t\t\t\t\t\t\t\t<img decoding=\"async\" width=\"682\" height=\"1024\" data-src=\"https:\/\/multiprint.com.br\/wp-content\/uploads\/2025\/04\/alvejante-11.jpg\" class=\"attachment-large size-large wp-image-1392 lazyload\" alt=\"\" data-srcset=\"https:\/\/multiprint.com.br\/wp-content\/uploads\/2025\/04\/alvejante-11.jpg 682w, https:\/\/multiprint.com.br\/wp-content\/uploads\/2025\/04\/alvejante-11-200x300.jpg 200w\" data-sizes=\"(max-width: 682px) 100vw, 682px\" src=\"data:image\/svg+xml;base64,PHN2ZyB3aWR0aD0iMSIgaGVpZ2h0PSIxIiB4bWxucz0iaHR0cDovL3d3dy53My5vcmcvMjAwMC9zdmciPjwvc3ZnPg==\" style=\"--smush-placeholder-width: 682px; --smush-placeholder-aspect-ratio: 682\/1024;\" \/>\t\t\t\t\t\t\t\t\t\t\t\t\t\t\t<\/div>\n\t\t\t\t<\/div>\n\t\t\t\t<\/div>\n\t\t<div class=\"elementor-element elementor-element-ca55339 e-con-full e-flex e-con e-child\" data-id=\"ca55339\" data-element_type=\"container\">\n\t\t\t\t<div class=\"elementor-element elementor-element-e30d775 elementor-widget elementor-widget-menu-anchor\" data-id=\"e30d775\" data-element_type=\"widget\" data-widget_type=\"menu-anchor.default\">\n\t\t\t\t<div class=\"elementor-widget-container\">\n\t\t\t\t\t\t\t<div class=\"elementor-menu-anchor\" id=\"void\"><\/div>\n\t\t\t\t\t\t<\/div>\n\t\t\t\t<\/div>\n\t\t\t\t<div class=\"elementor-element elementor-element-16f9487 elementor-widget elementor-widget-heading\" data-id=\"16f9487\" data-element_type=\"widget\" data-widget_type=\"heading.default\">\n\t\t\t\t<div class=\"elementor-widget-container\">\n\t\t\t\t\t<h2 class=\"elementor-heading-title elementor-size-default\">Transfer\/DTF para Roupa\n<\/h2>\t\t\t\t<\/div>\n\t\t\t\t<\/div>\n\t\t\t\t<div class=\"elementor-element elementor-element-84b168e elementor-widget elementor-widget-text-editor\" data-id=\"84b168e\" data-element_type=\"widget\" data-widget_type=\"text-editor.default\">\n\t\t\t\t<div class=\"elementor-widget-container\">\n\t\t\t\t\t\t\t\t\t<div id=\"text_block-7-112\" class=\"ct-text-block c-text-dark c-text-l\"><div id=\"text_block-7-112\" class=\"ct-text-block c-text-dark c-text-l\"><div id=\"text_block-7-112\" class=\"ct-text-block c-text-dark c-text-l\"><p><span dir=\"auto\">La impresi\u00f3n por transferencia te permite personalizar tu marca para aplicarla a una variedad de telas. Con la tecnolog\u00eda UV, puedes transformar tus dise\u00f1os impresos en apliques con una calidad y definici\u00f3n incre\u00edbles.<\/span><\/p><\/div><div id=\"code_block-137-355\" class=\"ct-code-block c-margin-bottom-m\"><span dir=\"auto\">Se puede realizar con los siguientes materiales:<\/span><br \/><span dir=\"auto\">\u2013 Transfer<\/span><\/div><\/div><\/div>\t\t\t\t\t\t\t\t<\/div>\n\t\t\t\t<\/div>\n\t\t\t\t<div class=\"elementor-element elementor-element-426217a elementor-widget__width-auto elementor-mobile-align-center elementor-widget-mobile__width-inherit elementor-widget elementor-widget-button\" data-id=\"426217a\" data-element_type=\"widget\" data-widget_type=\"button.default\">\n\t\t\t\t<div class=\"elementor-widget-container\">\n\t\t\t\t\t\t\t\t\t<div class=\"elementor-button-wrapper\">\n\t\t\t\t\t<a class=\"elementor-button elementor-button-link elementor-size-sm\" href=\"\/contato\">\n\t\t\t\t\t\t<span class=\"elementor-button-content-wrapper\">\n\t\t\t\t\t\t<span class=\"elementor-button-icon\">\n\t\t\t\t<i aria-hidden=\"true\" class=\"icon icon-right-arrow\"><\/i>\t\t\t<\/span>\n\t\t\t\t\t\t\t\t\t<span class=\"elementor-button-text\">Ponte en contacto con nosotros<\/span>\n\t\t\t\t\t<\/span>\n\t\t\t\t\t<\/a>\n\t\t\t\t<\/div>\n\t\t\t\t\t\t\t\t<\/div>\n\t\t\t\t<\/div>\n\t\t\t\t<\/div>\n\t\t\t\t\t<\/div>\n\t\t\t\t<\/div>\n\t\t\t\t<\/div>\n\t\t","protected":false},"excerpt":{"rendered":"<p>Transferencia\/DTF Una soluci\u00f3n ideal para cada necesidad. Descubra algunas de las soluciones\u00a0de transferenciaque MultiPrint ofrece a continuaci\u00f3n . M\u00e1s informaci\u00f3n Transferencia\/DTF para camiseta La camiseta se somete a una prensa t\u00e9rmica junto con la hoja de transferencia y, gracias a un calor de aproximadamente 200 grados Celsius, la imagen se transfiere a la tela. MultiPrint [&hellip;]<\/p>\n","protected":false},"author":2,"featured_media":0,"parent":0,"menu_order":0,"comment_status":"closed","ping_status":"closed","template":"elementor_header_footer","meta":{"footnotes":""},"class_list":["post-2700","page","type-page","status-publish","hentry"],"_links":{"self":[{"href":"https:\/\/multiprint.com.br\/es\/wp-json\/wp\/v2\/pages\/2700","targetHints":{"allow":["GET"]}}],"collection":[{"href":"https:\/\/multiprint.com.br\/es\/wp-json\/wp\/v2\/pages"}],"about":[{"href":"https:\/\/multiprint.com.br\/es\/wp-json\/wp\/v2\/types\/page"}],"author":[{"embeddable":true,"href":"https:\/\/multiprint.com.br\/es\/wp-json\/wp\/v2\/users\/2"}],"replies":[{"embeddable":true,"href":"https:\/\/multiprint.com.br\/es\/wp-json\/wp\/v2\/comments?post=2700"}],"version-history":[{"count":4,"href":"https:\/\/multiprint.com.br\/es\/wp-json\/wp\/v2\/pages\/2700\/revisions"}],"predecessor-version":[{"id":2705,"href":"https:\/\/multiprint.com.br\/es\/wp-json\/wp\/v2\/pages\/2700\/revisions\/2705"}],"wp:attachment":[{"href":"https:\/\/multiprint.com.br\/es\/wp-json\/wp\/v2\/media?parent=2700"}],"curies":[{"name":"wp","href":"https:\/\/api.w.org\/{rel}","templated":true}]}}