{"id":2907,"date":"2025-04-05T20:45:07","date_gmt":"2025-04-05T20:45:07","guid":{"rendered":"https:\/\/multiprint.com.br\/tag\/"},"modified":"2025-04-05T20:45:07","modified_gmt":"2025-04-05T20:45:07","slug":"tag","status":"publish","type":"page","link":"https:\/\/multiprint.com.br\/es\/tag\/","title":{"rendered":"Tag"},"content":{"rendered":"<h2>Etiqueta<br \/>\n<\/h2>\n<p>\t\tUna soluci\u00f3n ideal para cada necesidad. Descubra algunas de las soluciones de etiquetas<br \/>\nque ofrece MultiPrint a continuaci\u00f3n.<br \/>\n\t\t\t\t\t<a href=\"#tags\"><br \/>\n\t\t\t\t\t\t\t\t\t M\u00e1s informaci\u00f3n<br \/>\n\t\t\t\t\t<\/a><\/p>\n<h2>Etiquetas de productos<br \/>\n<\/h2>\n<p>Las etiquetas son una excelente manera de agregar valor a un producto y reforzar su marca. Son personalizables y pueden incluir su logotipo, instrucciones de uso, un mensaje y m\u00e1s. Pueden usarse como etiquetas\/tarjetas para aretes y accesorios, o como una etiqueta para su producto. Cuente con nosotros para lo que necesite.<\/p>\n<p>Se puede realizar con los siguientes materiales:<br \/>\u2013 Papel couch\u00e9<br \/>\n\t\t\t\t\t<a href=\"https:\/\/multiprint.com.br\/es\/contacto\/\"><br \/>\n\t\t\t\t\t\t\t\t\t Ponte en contacto con nosotros<br \/>\n\t\t\t\t\t<\/a><br \/>\n\t\t\t\t\t\t\t\t\t\t\t\t\t\t\t<img fetchpriority=\"high\" decoding=\"async\" width=\"1000\" height=\"1000\" src=\"https:\/\/multiprint.com.br\/wp-content\/uploads\/2025\/04\/alvejante-7.jpg\" alt=\"\" srcset=\"https:\/\/multiprint.com.br\/wp-content\/uploads\/2025\/04\/alvejante-7.jpg 1000w, https:\/\/multiprint.com.br\/wp-content\/uploads\/2025\/04\/alvejante-7-300x300.jpg 300w, https:\/\/multiprint.com.br\/wp-content\/uploads\/2025\/04\/alvejante-7-150x150.jpg 150w, https:\/\/multiprint.com.br\/wp-content\/uploads\/2025\/04\/alvejante-7-768x768.jpg 768w\" sizes=\"(max-width: 1000px) 100vw, 1000px\" \/><br \/>\n\t\t\t\t\t\t\t\t\t\t\t\t\t\t\t<img decoding=\"async\" width=\"1000\" height=\"1000\" data-src=\"https:\/\/multiprint.com.br\/wp-content\/uploads\/2025\/04\/alvejante-8.jpg\" alt=\"\" data-srcset=\"https:\/\/multiprint.com.br\/wp-content\/uploads\/2025\/04\/alvejante-8.jpg 1000w, https:\/\/multiprint.com.br\/wp-content\/uploads\/2025\/04\/alvejante-8-300x300.jpg 300w, https:\/\/multiprint.com.br\/wp-content\/uploads\/2025\/04\/alvejante-8-150x150.jpg 150w, https:\/\/multiprint.com.br\/wp-content\/uploads\/2025\/04\/alvejante-8-768x768.jpg 768w\" data-sizes=\"(max-width: 1000px) 100vw, 1000px\" src=\"data:image\/svg+xml;base64,PHN2ZyB3aWR0aD0iMSIgaGVpZ2h0PSIxIiB4bWxucz0iaHR0cDovL3d3dy53My5vcmcvMjAwMC9zdmciPjwvc3ZnPg==\" class=\"lazyload\" style=\"--smush-placeholder-width: 1000px; --smush-placeholder-aspect-ratio: 1000\/1000;\" \/>\t\t\t\t\t\t\t\t\t\t\t\t\t\t\t<\/p>\n<h2>Etiqueta de precio para estante de supermercado<br \/>\n<\/h2>\n<p>Desarrollado en papel estucado, blanco o de color, mediante impresi\u00f3n t\u00e9rmica. Ideal para identificar productos y precios en estanter\u00edas, g\u00f3ndolas y expositores de supermercados, tiendas y farmacias.<\/p>\n<p>Se puede realizar con los siguientes materiales:<br \/>\u2013 Papel couch\u00e9<br \/>\n\t\t\t\t\t<a href=\"https:\/\/multiprint.com.br\/es\/contacto\/\"><br \/>\n\t\t\t\t\t\t\t\t\tEntrar em contato<br \/>\n\t\t\t\t\t<\/a><\/p>\n<h2>Etiqueta de ropa<br \/>\n<\/h2>\n<p>Vers\u00e1til y fabricada en papel recubierto mediante impresi\u00f3n t\u00e9rmica, la etiqueta para ropa se puede personalizar con su logotipo, as\u00ed como con informaci\u00f3n importante sobre el producto.<\/p>\n<p>Se puede realizar con los siguientes materiales:<br \/>\u2013 Papel couch\u00e9<br \/>\n\t\t\t\t\t<a href=\"https:\/\/multiprint.com.br\/es\/contacto\/\"><br \/>\n\t\t\t\t\t\t\t\t\tPonte en contacto con nosotros<br \/>\n\t\t\t\t\t<\/a><br \/>\n\t\t\t\t\t\t\t\t\t\t\t\t\t\t\t<img decoding=\"async\" width=\"800\" height=\"800\" data-src=\"https:\/\/multiprint.com.br\/wp-content\/uploads\/2025\/04\/tag-roupa.jpg\" alt=\"\" data-srcset=\"https:\/\/multiprint.com.br\/wp-content\/uploads\/2025\/04\/tag-roupa.jpg 1000w, https:\/\/multiprint.com.br\/wp-content\/uploads\/2025\/04\/tag-roupa-300x300.jpg 300w, https:\/\/multiprint.com.br\/wp-content\/uploads\/2025\/04\/tag-roupa-150x150.jpg 150w, https:\/\/multiprint.com.br\/wp-content\/uploads\/2025\/04\/tag-roupa-768x768.jpg 768w\" data-sizes=\"(max-width: 800px) 100vw, 800px\" src=\"data:image\/svg+xml;base64,PHN2ZyB3aWR0aD0iMSIgaGVpZ2h0PSIxIiB4bWxucz0iaHR0cDovL3d3dy53My5vcmcvMjAwMC9zdmciPjwvc3ZnPg==\" class=\"lazyload\" style=\"--smush-placeholder-width: 800px; --smush-placeholder-aspect-ratio: 800\/800;\" \/>\t\t\t\t\t\t\t\t\t\t\t\t\t\t\t<\/p>\n<figure><img decoding=\"async\" data-src=\"https:\/\/multiprint.com.br\/wp-content\/uploads\/2025\/03\/avery-dennilson.png\" alt=\"avery-dennilson\" src=\"data:image\/svg+xml;base64,PHN2ZyB3aWR0aD0iMSIgaGVpZ2h0PSIxIiB4bWxucz0iaHR0cDovL3d3dy53My5vcmcvMjAwMC9zdmciPjwvc3ZnPg==\" class=\"lazyload\" style=\"--smush-placeholder-width: 289px; --smush-placeholder-aspect-ratio: 289\/94;\" \/><\/figure>\n<figure><img decoding=\"async\" data-src=\"https:\/\/multiprint.com.br\/wp-content\/uploads\/2025\/03\/3m-logo-rgb-white.png\" alt=\"3m-logo-rgb-white\" src=\"data:image\/svg+xml;base64,PHN2ZyB3aWR0aD0iMSIgaGVpZ2h0PSIxIiB4bWxucz0iaHR0cDovL3d3dy53My5vcmcvMjAwMC9zdmciPjwvc3ZnPg==\" class=\"lazyload\" style=\"--smush-placeholder-width: 192px; --smush-placeholder-aspect-ratio: 192\/128;\" \/><\/figure>\n<figure><img decoding=\"async\" data-src=\"https:\/\/multiprint.com.br\/wp-content\/uploads\/2025\/03\/cremer.png\" alt=\"cremer\" src=\"data:image\/svg+xml;base64,PHN2ZyB3aWR0aD0iMSIgaGVpZ2h0PSIxIiB4bWxucz0iaHR0cDovL3d3dy53My5vcmcvMjAwMC9zdmciPjwvc3ZnPg==\" class=\"lazyload\" style=\"--smush-placeholder-width: 445px; --smush-placeholder-aspect-ratio: 445\/272;\" \/><\/figure>\n<p>\t\t\t\t\t\t<svg aria-hidden=\"true\" viewBox=\"0 0 1000 1000\" xmlns=\"http:\/\/www.w3.org\/2000\/svg\"><path d=\"M646 125C629 125 613 133 604 142L308 442C296 454 292 471 292 487 292 504 296 521 308 533L604 854C617 867 629 875 646 875 663 875 679 871 692 858 704 846 713 829 713 812 713 796 708 779 692 767L438 487 692 225C700 217 708 204 708 187 708 171 704 154 692 142 675 129 663 125 646 125Z\"><\/path><\/svg><br \/>\n\t\t\t\t\t\t<svg aria-hidden=\"true\" viewBox=\"0 0 1000 1000\" xmlns=\"http:\/\/www.w3.org\/2000\/svg\"><path d=\"M696 533C708 521 713 504 713 487 713 471 708 454 696 446L400 146C388 133 375 125 354 125 338 125 325 129 313 142 300 154 292 171 292 187 292 204 296 221 308 233L563 492 304 771C292 783 288 800 288 817 288 833 296 850 308 863 321 871 338 875 354 875 371 875 388 867 400 854L696 533Z\"><\/path><\/svg>\t\t\t\t\t<\/p>\n<h2>Certificaciones internacionales<\/h2>\n<details id=\"e-n-accordion-item-2010\" >\n<summary data-accordion-index=\"1\" tabindex=\"0\" aria-expanded=\"false\" aria-controls=\"e-n-accordion-item-2010\" >\n\t\t\t\t\t RoHS<br \/>\n\t\t\t<svg aria-hidden=\"true\" viewBox=\"0 0 448 512\" xmlns=\"http:\/\/www.w3.org\/2000\/svg\"><path d=\"M416 208H32c-17.67 0-32 14.33-32 32v32c0 17.67 14.33 32 32 32h384c17.67 0 32-14.33 32-32v-32c0-17.67-14.33-32-32-32z\"><\/path><\/svg><br \/>\n\t\t\t<svg aria-hidden=\"true\" viewBox=\"0 0 448 512\" xmlns=\"http:\/\/www.w3.org\/2000\/svg\"><path d=\"M416 208H272V64c0-17.67-14.33-32-32-32h-32c-17.67 0-32 14.33-32 32v144H32c-17.67 0-32 14.33-32 32v32c0 17.67 14.33 32 32 32h144v144c0 17.67 14.33 32 32 32h32c17.67 0 32-14.33 32-32V304h144c17.67 0 32-14.33 32-32v-32c0-17.67-14.33-32-32-32z\"><\/path><\/svg><br \/>\n\t\t\t\t\t\t<\/summary>\n<p>\t\t\t\t\t\t\t\t\t\t\t\t\t\t\t<img decoding=\"async\" width=\"800\" height=\"214\" data-src=\"https:\/\/multiprint.com.br\/wp-content\/uploads\/2025\/03\/rohs-white-1.png\" alt=\"\" data-srcset=\"https:\/\/multiprint.com.br\/wp-content\/uploads\/2025\/03\/rohs-white-1.png 980w, https:\/\/multiprint.com.br\/wp-content\/uploads\/2025\/03\/rohs-white-1-300x80.png 300w, https:\/\/multiprint.com.br\/wp-content\/uploads\/2025\/03\/rohs-white-1-768x205.png 768w\" data-sizes=\"(max-width: 800px) 100vw, 800px\" src=\"data:image\/svg+xml;base64,PHN2ZyB3aWR0aD0iMSIgaGVpZ2h0PSIxIiB4bWxucz0iaHR0cDovL3d3dy53My5vcmcvMjAwMC9zdmciPjwvc3ZnPg==\" class=\"lazyload\" style=\"--smush-placeholder-width: 800px; --smush-placeholder-aspect-ratio: 800\/214;\" \/>\t\t\t\t\t\t\t\t\t\t\t\t\t\t\t<\/p>\n<p>RoHS (Restriction of Certain Hazardous Substances) es una directiva adoptada en febrero de 2003 por la Uni\u00f3n Europea que proh\u00edbe el uso de ciertas sustancias peligrosas en los procesos de fabricaci\u00f3n de productos: cadmio (Cd), mercurio (Hg), cromo hexavalente (Cr(VI)), bifenilos polibromados (PBB), \u00e9teres de difenilo polibromados (PBDE) y plomo (Pb).<\/p>\n<\/details>\n<details id=\"e-n-accordion-item-2011\" >\n<summary data-accordion-index=\"2\" tabindex=\"-1\" aria-expanded=\"false\" aria-controls=\"e-n-accordion-item-2011\" >\n\t\t\t\t\t Underwriters laboratories<br \/>\n\t\t\t<svg aria-hidden=\"true\" viewBox=\"0 0 448 512\" xmlns=\"http:\/\/www.w3.org\/2000\/svg\"><path d=\"M416 208H32c-17.67 0-32 14.33-32 32v32c0 17.67 14.33 32 32 32h384c17.67 0 32-14.33 32-32v-32c0-17.67-14.33-32-32-32z\"><\/path><\/svg><br \/>\n\t\t\t<svg aria-hidden=\"true\" viewBox=\"0 0 448 512\" xmlns=\"http:\/\/www.w3.org\/2000\/svg\"><path d=\"M416 208H272V64c0-17.67-14.33-32-32-32h-32c-17.67 0-32 14.33-32 32v144H32c-17.67 0-32 14.33-32 32v32c0 17.67 14.33 32 32 32h144v144c0 17.67 14.33 32 32 32h32c17.67 0 32-14.33 32-32V304h144c17.67 0 32-14.33 32-32v-32c0-17.67-14.33-32-32-32z\"><\/path><\/svg><br \/>\n\t\t\t\t\t\t<\/summary>\n<p>\t\t\t\t\t\t\t\t\t\t\t\t\t\t\t<img decoding=\"async\" width=\"800\" height=\"800\" data-src=\"https:\/\/multiprint.com.br\/wp-content\/uploads\/2025\/03\/ul.svg\" alt=\"\" data-srcset=\"https:\/\/multiprint.com.br\/wp-content\/uploads\/\/2025\/03\/ul.svg 150w, https:\/\/multiprint.com.br\/wp-content\/uploads\/\/2025\/03\/ul.svg 300w, https:\/\/multiprint.com.br\/wp-content\/uploads\/\/2025\/03\/ul.svg 1024w, https:\/\/multiprint.com.br\/wp-content\/uploads\/\/2025\/03\/ul.svg 120w\" data-sizes=\"(max-width: 800px) 100vw, 800px\" src=\"data:image\/svg+xml;base64,PHN2ZyB3aWR0aD0iMSIgaGVpZ2h0PSIxIiB4bWxucz0iaHR0cDovL3d3dy53My5vcmcvMjAwMC9zdmciPjwvc3ZnPg==\" class=\"lazyload\" style=\"--smush-placeholder-width: 800px; --smush-placeholder-aspect-ratio: 800\/800;\" \/>\t\t\t\t\t\t\t\t\t\t\t\t\t\t\t<\/p>\n<p>RoHS (Restriction of Certain Hazardous Substances) es una directiva adoptada en febrero de 2003 por la Uni\u00f3n Europea que proh\u00edbe el uso de ciertas sustancias peligrosas en los procesos de fabricaci\u00f3n de productos: cadmio (Cd), mercurio (Hg), cromo hexavalente (Cr(VI)), bifenilos polibromados (PBB), \u00e9teres de difenilo polibromados (PBDE) y plomo (Pb).<\/p>\n<\/details>\n<p>\t\t\t\t\t\t\t\t\t\t\t\t\t\t\t<img decoding=\"async\" width=\"800\" height=\"214\" data-src=\"https:\/\/multiprint.com.br\/wp-content\/uploads\/2025\/03\/rohs-white-1.png\" alt=\"\" data-srcset=\"https:\/\/multiprint.com.br\/wp-content\/uploads\/2025\/03\/rohs-white-1.png 980w, https:\/\/multiprint.com.br\/wp-content\/uploads\/2025\/03\/rohs-white-1-300x80.png 300w, https:\/\/multiprint.com.br\/wp-content\/uploads\/2025\/03\/rohs-white-1-768x205.png 768w\" data-sizes=\"(max-width: 800px) 100vw, 800px\" src=\"data:image\/svg+xml;base64,PHN2ZyB3aWR0aD0iMSIgaGVpZ2h0PSIxIiB4bWxucz0iaHR0cDovL3d3dy53My5vcmcvMjAwMC9zdmciPjwvc3ZnPg==\" class=\"lazyload\" style=\"--smush-placeholder-width: 800px; --smush-placeholder-aspect-ratio: 800\/214;\" \/>\t\t\t\t\t\t\t\t\t\t\t\t\t\t\t<\/p>\n<p>RoHS (Restriction of Certain Hazardous Substances) es una directiva adoptada en febrero de 2003 por la Uni\u00f3n Europea que proh\u00edbe el uso de ciertas sustancias peligrosas en los procesos de fabricaci\u00f3n de productos: cadmio (Cd), mercurio (Hg), cromo hexavalente (Cr(VI)), bifenilos polibromados (PBB), \u00e9teres de difenilo polibromados (PBDE) y plomo (Pb).<\/p>\n<p>\t\t\t\t\t\t\t\t\t\t\t\t\t\t\t<img decoding=\"async\" width=\"800\" height=\"800\" data-src=\"https:\/\/multiprint.com.br\/wp-content\/uploads\/2025\/03\/ul.svg\" alt=\"\" data-srcset=\"https:\/\/multiprint.com.br\/wp-content\/uploads\/\/2025\/03\/ul.svg 150w, https:\/\/multiprint.com.br\/wp-content\/uploads\/\/2025\/03\/ul.svg 300w, https:\/\/multiprint.com.br\/wp-content\/uploads\/\/2025\/03\/ul.svg 1024w, https:\/\/multiprint.com.br\/wp-content\/uploads\/\/2025\/03\/ul.svg 120w\" data-sizes=\"(max-width: 800px) 100vw, 800px\" src=\"data:image\/svg+xml;base64,PHN2ZyB3aWR0aD0iMSIgaGVpZ2h0PSIxIiB4bWxucz0iaHR0cDovL3d3dy53My5vcmcvMjAwMC9zdmciPjwvc3ZnPg==\" class=\"lazyload\" style=\"--smush-placeholder-width: 800px; --smush-placeholder-aspect-ratio: 800\/800;\" \/>\t\t\t\t\t\t\t\t\t\t\t\t\t\t\t<\/p>\n<p>RoHS (Restriction of Certain Hazardous Substances) es una directiva adoptada en febrero de 2003 por la Uni\u00f3n Europea que proh\u00edbe el uso de ciertas sustancias peligrosas en los procesos de fabricaci\u00f3n de productos: cadmio (Cd), mercurio (Hg), cromo hexavalente (Cr(VI)), bifenilos polibromados (PBB), \u00e9teres de difenilo polibromados (PBDE) y plomo (Pb).<\/p>\n<p>\t\t\t\t\t\t\t\t\t\t\t\t\t\t\t<img decoding=\"async\" width=\"800\" height=\"319\" data-src=\"https:\/\/multiprint.com.br\/wp-content\/uploads\/2025\/05\/IMG_3336-1-1024x408.jpg\" alt=\"\" data-srcset=\"https:\/\/multiprint.com.br\/wp-content\/uploads\/2025\/05\/IMG_3336-1-1024x408.jpg 1024w, https:\/\/multiprint.com.br\/wp-content\/uploads\/2025\/05\/IMG_3336-1-300x120.jpg 300w, https:\/\/multiprint.com.br\/wp-content\/uploads\/2025\/05\/IMG_3336-1-768x306.jpg 768w, https:\/\/multiprint.com.br\/wp-content\/uploads\/2025\/05\/IMG_3336-1-1536x612.jpg 1536w, https:\/\/multiprint.com.br\/wp-content\/uploads\/2025\/05\/IMG_3336-1-2048x816.jpg 2048w\" data-sizes=\"(max-width: 800px) 100vw, 800px\" src=\"data:image\/svg+xml;base64,PHN2ZyB3aWR0aD0iMSIgaGVpZ2h0PSIxIiB4bWxucz0iaHR0cDovL3d3dy53My5vcmcvMjAwMC9zdmciPjwvc3ZnPg==\" class=\"lazyload\" style=\"--smush-placeholder-width: 800px; --smush-placeholder-aspect-ratio: 800\/319;\" \/><\/p>\n","protected":false},"excerpt":{"rendered":"<p>Etiqueta Una soluci\u00f3n ideal para cada necesidad. Descubra algunas de las soluciones de etiquetas que ofrece MultiPrint a continuaci\u00f3n. M\u00e1s informaci\u00f3n Etiquetas de productos Las etiquetas son una excelente manera de agregar valor a un producto y reforzar su marca. Son personalizables y pueden incluir su logotipo, instrucciones de uso, un mensaje y m\u00e1s. Pueden [&hellip;]<\/p>\n","protected":false},"author":2,"featured_media":0,"parent":0,"menu_order":0,"comment_status":"closed","ping_status":"closed","template":"","meta":{"footnotes":""},"class_list":["post-2907","page","type-page","status-publish","hentry"],"_links":{"self":[{"href":"https:\/\/multiprint.com.br\/es\/wp-json\/wp\/v2\/pages\/2907","targetHints":{"allow":["GET"]}}],"collection":[{"href":"https:\/\/multiprint.com.br\/es\/wp-json\/wp\/v2\/pages"}],"about":[{"href":"https:\/\/multiprint.com.br\/es\/wp-json\/wp\/v2\/types\/page"}],"author":[{"embeddable":true,"href":"https:\/\/multiprint.com.br\/es\/wp-json\/wp\/v2\/users\/2"}],"replies":[{"embeddable":true,"href":"https:\/\/multiprint.com.br\/es\/wp-json\/wp\/v2\/comments?post=2907"}],"version-history":[{"count":0,"href":"https:\/\/multiprint.com.br\/es\/wp-json\/wp\/v2\/pages\/2907\/revisions"}],"wp:attachment":[{"href":"https:\/\/multiprint.com.br\/es\/wp-json\/wp\/v2\/media?parent=2907"}],"curies":[{"name":"wp","href":"https:\/\/api.w.org\/{rel}","templated":true}]}}